{"id":858,"date":"2024-10-23T18:10:44","date_gmt":"2024-10-23T23:10:44","guid":{"rendered":"https:\/\/ecuamarine.com\/?page_id=858"},"modified":"2024-10-29T13:44:38","modified_gmt":"2024-10-29T18:44:38","slug":"otros","status":"publish","type":"page","link":"https:\/\/ecuamarine.com\/index.php\/otros\/","title":{"rendered":"Otros"},"content":{"rendered":"<p>[et_pb_section fb_built=\u00bb1&#8243; admin_label=\u00bbHow it works\u00bb _builder_version=\u00bb4.27.2&#8243; _module_preset=\u00bbdefault\u00bb background_color=\u00bb#1A2B3C\u00bb background_enable_image=\u00bboff\u00bb background_blend=\u00bbsoft-light\u00bb global_colors_info=\u00bb{}\u00bb][et_pb_row _builder_version=\u00bb4.16&#8243; _module_preset=\u00bbdefault\u00bb global_colors_info=\u00bb{}\u00bb][et_pb_column type=\u00bb4_4&#8243; _builder_version=\u00bb4.16&#8243; _module_preset=\u00bbdefault\u00bb global_colors_info=\u00bb{}\u00bb][et_pb_text _builder_version=\u00bb4.27.2&#8243; _module_preset=\u00bb32021f09-dd67-47fb-8f9a-832b72a38baf\u00bb text_font=\u00bb&#8211;et_global_heading_font||||||||\u00bb text_text_color=\u00bb#85cce9&#8243; header_2_font=\u00bb&#8211;et_global_heading_font|700|||||||\u00bb header_2_text_color=\u00bb#FFFFFF\u00bb header_2_font_size=\u00bb60px\u00bb header_2_line_height=\u00bb1.1em\u00bb text_orientation=\u00bbcenter\u00bb background_layout=\u00bbdark\u00bb custom_margin=\u00bb||10px||false|false\u00bb animation_direction=\u00bbleft\u00bb header_2_font_size_tablet=\u00bb35px\u00bb header_2_font_size_phone=\u00bb22px\u00bb header_2_font_size_last_edited=\u00bbon|phone\u00bb locked=\u00bboff\u00bb global_colors_info=\u00bb{}\u00bb]<\/p>\n<h2>Otros Productos<\/h2>\n<p>[\/et_pb_text][\/et_pb_column][\/et_pb_row][et_pb_row column_structure=\u00bb1_3,1_3,1_3&#8243; _builder_version=\u00bb4.27.2&#8243; _module_preset=\u00bbdefault\u00bb global_colors_info=\u00bb{}\u00bb][et_pb_column type=\u00bb1_3&#8243; _builder_version=\u00bb4.16&#8243; _module_preset=\u00bbdefault\u00bb global_colors_info=\u00bb{}\u00bb][et_pb_blurb title=\u00bbAchicador para botes salvavidas\u00bb image=\u00bbhttps:\/\/ecuamarine.com\/wp-content\/uploads\/2024\/10\/1-_-Achicador-para-botes-salvavidas-1.jpg\u00bb icon_alignment=\u00bbleft\u00bb content_max_width=\u00bb100%\u00bb _builder_version=\u00bb4.27.2&#8243; _module_preset=\u00bba1d2ae3f-62db-4b8f-9b67-ae0b67fabd38&#8243; header_font=\u00bb&#8211;et_global_heading_font||||||||\u00bb header_text_color=\u00bb#FFFFFF\u00bb header_line_height=\u00bb1.4em\u00bb body_font=\u00bb&#8211;et_global_body_font||||||||\u00bb body_text_color=\u00bb#FFFFFF\u00bb body_line_height=\u00bb2em\u00bb animation=\u00bboff\u00bb header_font_size_tablet=\u00bb17px\u00bb header_font_size_phone=\u00bb16px\u00bb header_font_size_last_edited=\u00bbon|phone\u00bb body_font_size_tablet=\u00bb\u00bb body_font_size_phone=\u00bb13px\u00bb body_font_size_last_edited=\u00bbon|phone\u00bb locked=\u00bboff\u00bb global_colors_info=\u00bb{}\u00bb]<\/p>\n<p><span style=\"font-weight: 400;\">Para sacar el agua acumulada en el fondo de la embarcaci\u00f3n.<\/span><\/p>\n<p>[\/et_pb_blurb][\/et_pb_column][et_pb_column type=\u00bb1_3&#8243; _builder_version=\u00bb4.16&#8243; _module_preset=\u00bbdefault\u00bb global_colors_info=\u00bb{}\u00bb][et_pb_blurb title=\u00bbGancho para bote salvavidas\u00bb image=\u00bbhttps:\/\/ecuamarine.com\/wp-content\/uploads\/2024\/10\/2-_-Gancho-para-bote-salvavidas.jpg\u00bb icon_alignment=\u00bbleft\u00bb content_max_width=\u00bb100%\u00bb _builder_version=\u00bb4.27.2&#8243; _module_preset=\u00bba1d2ae3f-62db-4b8f-9b67-ae0b67fabd38&#8243; header_font=\u00bb&#8211;et_global_body_font||||||||\u00bb header_text_color=\u00bb#FFFFFF\u00bb header_line_height=\u00bb1.4em\u00bb body_text_color=\u00bb#FFFFFF\u00bb body_line_height=\u00bb2em\u00bb animation=\u00bboff\u00bb hover_enabled=\u00bb0&#8243; header_font_size_tablet=\u00bb17px\u00bb header_font_size_phone=\u00bb16px\u00bb header_font_size_last_edited=\u00bbon|phone\u00bb body_font_size_tablet=\u00bb\u00bb body_font_size_phone=\u00bb13px\u00bb body_font_size_last_edited=\u00bbon|phone\u00bb locked=\u00bboff\u00bb global_colors_info=\u00bb{}\u00bb image_icon_custom_padding=\u00bb86px||86px||false|false\u00bb background_enable_color=\u00bboff\u00bb sticky_enabled=\u00bb0&#8243; image_icon_background_color=\u00bb#fcfcfc\u00bb]<\/p>\n<p><span style=\"font-weight: 400;\">Al realizar el pedido, especifique el material del gancho y la longitud total.<\/span><\/p>\n<p>[\/et_pb_blurb][\/et_pb_column][et_pb_column type=\u00bb1_3&#8243; _builder_version=\u00bb4.16&#8243; _module_preset=\u00bbdefault\u00bb global_colors_info=\u00bb{}\u00bb][et_pb_blurb title=\u00bbAgua Potable de Emergencia  \u00bb image=\u00bbhttps:\/\/ecuamarine.com\/wp-content\/uploads\/2024\/10\/3-_-Agua-Potable-de-Emergencia.png\u00bb icon_alignment=\u00bbleft\u00bb content_max_width=\u00bb100%\u00bb _builder_version=\u00bb4.27.2&#8243; _module_preset=\u00bba1d2ae3f-62db-4b8f-9b67-ae0b67fabd38&#8243; header_font=\u00bb&#8211;et_global_heading_font||||||||\u00bb header_text_color=\u00bb#FFFFFF\u00bb header_line_height=\u00bb1.4em\u00bb body_font=\u00bb&#8211;et_global_body_font||||||||\u00bb body_text_color=\u00bb#FFFFFF\u00bb body_line_height=\u00bb2em\u00bb animation=\u00bboff\u00bb hover_enabled=\u00bb0&#8243; header_font_size_tablet=\u00bb17px\u00bb header_font_size_phone=\u00bb16px\u00bb header_font_size_last_edited=\u00bbon|phone\u00bb body_font_size_tablet=\u00bb\u00bb body_font_size_phone=\u00bb13px\u00bb body_font_size_last_edited=\u00bbon|phone\u00bb locked=\u00bboff\u00bb global_colors_info=\u00bb{}\u00bb image_icon_background_color=\u00bb#FFFFFF\u00bb image_icon_custom_padding=\u00bb46px||46px||false|false\u00bb sticky_enabled=\u00bb0&#8243;]<\/p>\n<p><span style=\"font-weight: 400;\">Agua completamente esterilizada y sellada al vac\u00edo en una lata. Se requiere 1,5 litros por persona.<\/span><\/p>\n<p>[\/et_pb_blurb][\/et_pb_column][\/et_pb_row][et_pb_row column_structure=\u00bb1_3,1_3,1_3&#8243; _builder_version=\u00bb4.27.2&#8243; _module_preset=\u00bbdefault\u00bb global_colors_info=\u00bb{}\u00bb][et_pb_column type=\u00bb1_3&#8243; _builder_version=\u00bb4.16&#8243; _module_preset=\u00bbdefault\u00bb global_colors_info=\u00bb{}\u00bb][et_pb_blurb title=\u00bbEscaleras de embarque para botes salvavidas\u00bb image=\u00bbhttps:\/\/ecuamarine.com\/wp-content\/uploads\/2024\/10\/4-_-Escaleras-de-embarque-para-botes-salvavidas.jpeg\u00bb icon_alignment=\u00bbleft\u00bb content_max_width=\u00bb100%\u00bb _builder_version=\u00bb4.27.2&#8243; _module_preset=\u00bba1d2ae3f-62db-4b8f-9b67-ae0b67fabd38&#8243; header_font=\u00bb&#8211;et_global_heading_font||||||||\u00bb header_text_color=\u00bb#FFFFFF\u00bb header_line_height=\u00bb1.4em\u00bb body_font=\u00bb&#8211;et_global_body_font||||||||\u00bb body_text_color=\u00bb#FFFFFF\u00bb body_line_height=\u00bb2em\u00bb animation=\u00bboff\u00bb header_font_size_tablet=\u00bb17px\u00bb header_font_size_phone=\u00bb16px\u00bb header_font_size_last_edited=\u00bbon|phone\u00bb body_font_size_tablet=\u00bb\u00bb body_font_size_phone=\u00bb13px\u00bb body_font_size_last_edited=\u00bbon|phone\u00bb locked=\u00bboff\u00bb global_colors_info=\u00bb{}\u00bb]<\/p>\n<p><span style=\"font-weight: 400;\">Esta escalera de embarque para botes salvavidas cumple con las normas ISO 5489-2008, SOLAS 1974 y el C\u00f3digo LSA. Al realizar el pedido, especifique la longitud requerida.<\/span><\/p>\n<p>[\/et_pb_blurb][\/et_pb_column][et_pb_column type=\u00bb1_3&#8243; _builder_version=\u00bb4.16&#8243; _module_preset=\u00bbdefault\u00bb global_colors_info=\u00bb{}\u00bb][et_pb_blurb title=\u00bbAparejos de pesca\u00bb image=\u00bbhttps:\/\/ecuamarine.com\/wp-content\/uploads\/2024\/10\/5-_-Aparejos-de-pesca.webp\u00bb icon_alignment=\u00bbleft\u00bb content_max_width=\u00bb100%\u00bb _builder_version=\u00bb4.27.2&#8243; _module_preset=\u00bba1d2ae3f-62db-4b8f-9b67-ae0b67fabd38&#8243; header_font=\u00bb&#8211;et_global_heading_font||||||||\u00bb header_text_color=\u00bb#FFFFFF\u00bb header_line_height=\u00bb1.4em\u00bb body_font=\u00bb&#8211;et_global_body_font||||||||\u00bb body_text_color=\u00bb#FFFFFF\u00bb body_line_height=\u00bb2em\u00bb animation=\u00bboff\u00bb header_font_size_tablet=\u00bb17px\u00bb header_font_size_phone=\u00bb16px\u00bb header_font_size_last_edited=\u00bbon|phone\u00bb body_font_size_tablet=\u00bb\u00bb body_font_size_phone=\u00bb13px\u00bb body_font_size_last_edited=\u00bbon|phone\u00bb locked=\u00bboff\u00bb global_colors_info=\u00bb{}\u00bb]<\/p>\n<p><span style=\"font-weight: 400;\">Contiene anzuelos, l\u00edneas y otros equipos empaquetados en un contenedor herm\u00e9tico.<\/span><\/p>\n<p>[\/et_pb_blurb][\/et_pb_column][et_pb_column type=\u00bb1_3&#8243; _builder_version=\u00bb4.16&#8243; _module_preset=\u00bbdefault\u00bb global_colors_info=\u00bb{}\u00bb][et_pb_blurb title=\u00bbBinoculares\u00bb image=\u00bbhttps:\/\/ecuamarine.com\/wp-content\/uploads\/2024\/10\/6-_-Binoculares.jpeg\u00bb icon_alignment=\u00bbleft\u00bb content_max_width=\u00bb100%\u00bb _builder_version=\u00bb4.27.2&#8243; _module_preset=\u00bba1d2ae3f-62db-4b8f-9b67-ae0b67fabd38&#8243; header_font=\u00bb&#8211;et_global_heading_font||||||||\u00bb header_text_color=\u00bb#FFFFFF\u00bb header_line_height=\u00bb1.4em\u00bb body_font=\u00bb&#8211;et_global_body_font||||||||\u00bb body_text_color=\u00bb#FFFFFF\u00bb body_line_height=\u00bb2em\u00bb animation=\u00bboff\u00bb header_font_size_tablet=\u00bb17px\u00bb header_font_size_phone=\u00bb16px\u00bb header_font_size_last_edited=\u00bbon|phone\u00bb body_font_size_tablet=\u00bb\u00bb body_font_size_phone=\u00bb13px\u00bb body_font_size_last_edited=\u00bbon|phone\u00bb locked=\u00bboff\u00bb global_colors_info=\u00bb{}\u00bb]<\/p>\n<p style=\"text-align: justify;\"><span style=\"font-weight: 400;\">Disponemos de una amplia variedad de binoculares para el \u00e1mbito marino. Se entregan con un estuche.<\/span><\/p>\n<p>[\/et_pb_blurb][\/et_pb_column][\/et_pb_row][\/et_pb_section][et_pb_section fb_built=\u00bb1&#8243; specialty=\u00bbon\u00bb custom_padding_last_edited=\u00bboff|phone\u00bb padding_bottom_2=\u00bb40px\u00bb padding_top_bottom_link_2=\u00bbfalse\u00bb padding_left_right_link_2=\u00bbfalse\u00bb admin_label=\u00bbFooter\u00bb _builder_version=\u00bb4.16&#8243; _module_preset=\u00bbdefault\u00bb use_background_color_gradient=\u00bbon\u00bb background_color_gradient_stops=\u00bbrgba(18,17,93,0.4) 0%|#03015b 100%\u00bb background_color_gradient_overlays_image=\u00bbon\u00bb background_color_gradient_start=\u00bbrgba(18,17,93,0.4)\u00bb background_color_gradient_end=\u00bb#03015b\u00bb background_image=\u00bbhttps:\/\/ecuamarine.com\/wp-content\/uploads\/2024\/03\/yacht-club-2.jpg\u00bb custom_padding=\u00bb5%||0px||false|false\u00bb custom_padding_tablet=\u00bb||||false|false\u00bb custom_padding_phone=\u00bb||||false|false\u00bb animation_direction=\u00bbbottom\u00bb global_module=\u00bb174&#8243; saved_tabs=\u00bball\u00bb global_colors_info=\u00bb{%22gcid-46874eab-1479-4e97-a380-8c3d8f036d9c%22:%91%22colorEnd%22%93}\u00bb][et_pb_column type=\u00bb2_3&#8243; specialty_columns=\u00bb2&#8243; _builder_version=\u00bb4.16&#8243; custom_padding=\u00bb|||\u00bb global_colors_info=\u00bb{}\u00bb custom_padding__hover=\u00bb|||\u00bb][et_pb_row_inner custom_padding_last_edited=\u00bbon|phone\u00bb _builder_version=\u00bb4.16&#8243; _module_preset=\u00bbdefault\u00bb background_color=\u00bb#03033A\u00bb custom_padding=\u00bb80px|8%||8%|false|true\u00bb custom_padding_tablet=\u00bb60px|60px||60px|false|true\u00bb custom_padding_phone=\u00bb30px|20px||20px|false|true\u00bb global_colors_info=\u00bb{%22gcid-c9411f34-b37e-4feb-a841-9533663e2403%22:%91%22background_color%22%93}\u00bb][et_pb_column_inner saved_specialty_column_type=\u00bb2_3&#8243; _builder_version=\u00bb4.16&#8243; _module_preset=\u00bbdefault\u00bb global_colors_info=\u00bb{}\u00bb][et_pb_text _builder_version=\u00bb4.27.0&#8243; _module_preset=\u00bb32021f09-dd67-47fb-8f9a-832b72a38baf\u00bb header_font=\u00bb&#8211;et_global_heading_font||||||||\u00bb header_2_font=\u00bb&#8211;et_global_heading_font|700|||||||\u00bb header_2_text_color=\u00bb#FFFFFF\u00bb header_2_font_size=\u00bb60px\u00bb header_2_line_height=\u00bb1.1em\u00bb custom_margin=\u00bb||10px||false|false\u00bb animation_direction=\u00bbleft\u00bb header_2_font_size_tablet=\u00bb35px\u00bb header_2_font_size_phone=\u00bb22px\u00bb header_2_font_size_last_edited=\u00bbon|phone\u00bb locked=\u00bboff\u00bb global_colors_info=\u00bb{}\u00bb]<\/p>\n<h2>ECUAMARINE<\/h2>\n<p>[\/et_pb_text][\/et_pb_column_inner][\/et_pb_row_inner][\/et_pb_column][et_pb_column type=\u00bb1_3&#8243; _builder_version=\u00bb4.16&#8243; custom_padding=\u00bb|||\u00bb global_colors_info=\u00bb{}\u00bb custom_padding__hover=\u00bb|||\u00bb][et_pb_text _builder_version=\u00bb4.27.0&#8243; _module_preset=\u00bb32021f09-dd67-47fb-8f9a-832b72a38baf\u00bb header_font=\u00bb&#8211;et_global_body_font||||||||\u00bb header_2_font=\u00bb&#8211;et_global_heading_font|700|||||||\u00bb header_2_text_color=\u00bb#FFFFFF\u00bb header_2_font_size=\u00bb50px\u00bb header_2_line_height=\u00bb1.1em\u00bb custom_margin=\u00bb||10px||false|false\u00bb animation_direction=\u00bbleft\u00bb header_2_font_size_tablet=\u00bb35px\u00bb header_2_font_size_phone=\u00bb22px\u00bb header_2_font_size_last_edited=\u00bbon|phone\u00bb locked=\u00bboff\u00bb global_colors_info=\u00bb{}\u00bb]<\/p>\n<h2>Comun\u00edcate con nosotros<\/h2>\n<p>[\/et_pb_text][et_pb_button button_url=\u00bb@ET-DC@eyJkeW5hbWljIjp0cnVlLCJjb250ZW50IjoicG9zdF9saW5rX3VybF9wYWdlIiwic2V0dGluZ3MiOnsicG9zdF9pZCI6IjczIn19@\u00bb button_text=\u00bbCont\u00e1ctanos\u00bb _builder_version=\u00bb4.27.0&#8243; _dynamic_attributes=\u00bbbutton_url\u00bb _module_preset=\u00bbd231d633-8e0f-4344-80c6-792324b848ba\u00bb custom_button=\u00bbon\u00bb button_text_size=\u00bb14px\u00bb button_border_color=\u00bb#FFFFFF\u00bb button_border_radius=\u00bb0px\u00bb button_letter_spacing=\u00bb2px\u00bb button_font=\u00bb|700||on|||||\u00bb background_layout=\u00bbdark\u00bb custom_padding=\u00bb14px|35px|14px|35px|true|true\u00bb custom_padding_tablet=\u00bb12px|30px|12px|30px|true|true\u00bb custom_padding_phone=\u00bb10px|20px|10px|20px|true|true\u00bb custom_padding_last_edited=\u00bbon|phone\u00bb button_text_size_tablet=\u00bb13px\u00bb button_text_size_phone=\u00bb12px\u00bb button_text_size_last_edited=\u00bbon|tablet\u00bb locked=\u00bboff\u00bb global_colors_info=\u00bb{}\u00bb button_text_color__hover=\u00bb#000000&#8243; button_text_color__hover_enabled=\u00bbon|hover\u00bb button_bg_color__hover=\u00bb#FFFFFF\u00bb button_bg_color__hover_enabled=\u00bbon|hover\u00bb][\/et_pb_button][\/et_pb_column][\/et_pb_section]<\/p>\n","protected":false},"excerpt":{"rendered":"<p>Otros ProductosPara sacar el agua acumulada en el fondo de la embarcaci\u00f3n.Al realizar el pedido, especifique el material del gancho y la longitud total.Agua completamente esterilizada y sellada al vac\u00edo en una lata. Se requiere 1,5 litros por persona.Esta escalera de embarque para botes salvavidas cumple con las normas ISO 5489-2008, SOLAS 1974 y el [&hellip;]<\/p>\n","protected":false},"author":1,"featured_media":0,"parent":0,"menu_order":0,"comment_status":"closed","ping_status":"closed","template":"","meta":{"_et_pb_use_builder":"on","_et_pb_old_content":"","_et_gb_content_width":"","footnotes":""},"class_list":["post-858","page","type-page","status-publish","hentry"],"yoast_head":"<!-- This site is optimized with the Yoast SEO plugin v24.6 - https:\/\/yoast.com\/wordpress\/plugins\/seo\/ -->\n<title>Otros - Ecuamarine<\/title>\n<meta name=\"robots\" content=\"index, follow, max-snippet:-1, max-image-preview:large, max-video-preview:-1\" \/>\n<link rel=\"canonical\" href=\"https:\/\/ecuamarine.com\/index.php\/otros\/\" \/>\n<meta property=\"og:locale\" content=\"es_ES\" \/>\n<meta property=\"og:type\" content=\"article\" \/>\n<meta property=\"og:title\" content=\"Otros - Ecuamarine\" \/>\n<meta property=\"og:description\" content=\"Otros ProductosPara sacar el agua acumulada en el fondo de la embarcaci\u00f3n.Al realizar el pedido, especifique el material del gancho y la longitud total.Agua completamente esterilizada y sellada al vac\u00edo en una lata. Se requiere 1,5 litros por persona.Esta escalera de embarque para botes salvavidas cumple con las normas ISO 5489-2008, SOLAS 1974 y el [&hellip;]\" \/>\n<meta property=\"og:url\" content=\"https:\/\/ecuamarine.com\/index.php\/otros\/\" \/>\n<meta property=\"og:site_name\" content=\"Ecuamarine\" \/>\n<meta property=\"article:modified_time\" content=\"2024-10-29T18:44:38+00:00\" \/>\n<meta name=\"twitter:card\" content=\"summary_large_image\" \/>\n<meta name=\"twitter:label1\" content=\"Tiempo de lectura\" \/>\n\t<meta name=\"twitter:data1\" content=\"8 minutos\" \/>\n<script type=\"application\/ld+json\" class=\"yoast-schema-graph\">{\"@context\":\"https:\/\/schema.org\",\"@graph\":[{\"@type\":\"WebPage\",\"@id\":\"https:\/\/ecuamarine.com\/index.php\/otros\/\",\"url\":\"https:\/\/ecuamarine.com\/index.php\/otros\/\",\"name\":\"Otros - Ecuamarine\",\"isPartOf\":{\"@id\":\"https:\/\/www.ecuamarine.com\/#website\"},\"datePublished\":\"2024-10-23T23:10:44+00:00\",\"dateModified\":\"2024-10-29T18:44:38+00:00\",\"breadcrumb\":{\"@id\":\"https:\/\/ecuamarine.com\/index.php\/otros\/#breadcrumb\"},\"inLanguage\":\"es\",\"potentialAction\":[{\"@type\":\"ReadAction\",\"target\":[\"https:\/\/ecuamarine.com\/index.php\/otros\/\"]}]},{\"@type\":\"BreadcrumbList\",\"@id\":\"https:\/\/ecuamarine.com\/index.php\/otros\/#breadcrumb\",\"itemListElement\":[{\"@type\":\"ListItem\",\"position\":1,\"name\":\"Portada\",\"item\":\"https:\/\/ecuamarine.com\/\"},{\"@type\":\"ListItem\",\"position\":2,\"name\":\"Otros\"}]},{\"@type\":\"WebSite\",\"@id\":\"https:\/\/www.ecuamarine.com\/#website\",\"url\":\"https:\/\/www.ecuamarine.com\/\",\"name\":\"Ecuamarine\",\"description\":\"Excelencia en servicios mar\u00edtimos y productos de seguridad en Ecuador y Panam\u00e1. Con un equipo experto y tecnolog\u00eda avanzada, nos dedicamos a satisfacer las necesidades espec\u00edficas de nuestros clientes, ofreciendo desde pinturas marinas hasta equipos de seguridad de alta calidad. Nuestra misi\u00f3n es proporcionar un servicio integral y nuestra visi\u00f3n, ser el referente en soluciones mar\u00edtimas efectivas.\",\"publisher\":{\"@id\":\"https:\/\/www.ecuamarine.com\/#organization\"},\"potentialAction\":[{\"@type\":\"SearchAction\",\"target\":{\"@type\":\"EntryPoint\",\"urlTemplate\":\"https:\/\/www.ecuamarine.com\/?s={search_term_string}\"},\"query-input\":{\"@type\":\"PropertyValueSpecification\",\"valueRequired\":true,\"valueName\":\"search_term_string\"}}],\"inLanguage\":\"es\"},{\"@type\":\"Organization\",\"@id\":\"https:\/\/www.ecuamarine.com\/#organization\",\"name\":\"Ecuamarine\",\"url\":\"https:\/\/www.ecuamarine.com\/\",\"logo\":{\"@type\":\"ImageObject\",\"inLanguage\":\"es\",\"@id\":\"https:\/\/www.ecuamarine.com\/#\/schema\/logo\/image\/\",\"url\":\"https:\/\/ecuamarine.com\/wp-content\/uploads\/2024\/04\/Recurso-19.png\",\"contentUrl\":\"https:\/\/ecuamarine.com\/wp-content\/uploads\/2024\/04\/Recurso-19.png\",\"width\":1000,\"height\":158,\"caption\":\"Ecuamarine\"},\"image\":{\"@id\":\"https:\/\/www.ecuamarine.com\/#\/schema\/logo\/image\/\"}}]}<\/script>\n<!-- \/ Yoast SEO plugin. -->","yoast_head_json":{"title":"Otros - Ecuamarine","robots":{"index":"index","follow":"follow","max-snippet":"max-snippet:-1","max-image-preview":"max-image-preview:large","max-video-preview":"max-video-preview:-1"},"canonical":"https:\/\/ecuamarine.com\/index.php\/otros\/","og_locale":"es_ES","og_type":"article","og_title":"Otros - Ecuamarine","og_description":"Otros ProductosPara sacar el agua acumulada en el fondo de la embarcaci\u00f3n.Al realizar el pedido, especifique el material del gancho y la longitud total.Agua completamente esterilizada y sellada al vac\u00edo en una lata. Se requiere 1,5 litros por persona.Esta escalera de embarque para botes salvavidas cumple con las normas ISO 5489-2008, SOLAS 1974 y el [&hellip;]","og_url":"https:\/\/ecuamarine.com\/index.php\/otros\/","og_site_name":"Ecuamarine","article_modified_time":"2024-10-29T18:44:38+00:00","twitter_card":"summary_large_image","twitter_misc":{"Tiempo de lectura":"8 minutos"},"schema":{"@context":"https:\/\/schema.org","@graph":[{"@type":"WebPage","@id":"https:\/\/ecuamarine.com\/index.php\/otros\/","url":"https:\/\/ecuamarine.com\/index.php\/otros\/","name":"Otros - Ecuamarine","isPartOf":{"@id":"https:\/\/www.ecuamarine.com\/#website"},"datePublished":"2024-10-23T23:10:44+00:00","dateModified":"2024-10-29T18:44:38+00:00","breadcrumb":{"@id":"https:\/\/ecuamarine.com\/index.php\/otros\/#breadcrumb"},"inLanguage":"es","potentialAction":[{"@type":"ReadAction","target":["https:\/\/ecuamarine.com\/index.php\/otros\/"]}]},{"@type":"BreadcrumbList","@id":"https:\/\/ecuamarine.com\/index.php\/otros\/#breadcrumb","itemListElement":[{"@type":"ListItem","position":1,"name":"Portada","item":"https:\/\/ecuamarine.com\/"},{"@type":"ListItem","position":2,"name":"Otros"}]},{"@type":"WebSite","@id":"https:\/\/www.ecuamarine.com\/#website","url":"https:\/\/www.ecuamarine.com\/","name":"Ecuamarine","description":"Excelencia en servicios mar\u00edtimos y productos de seguridad en Ecuador y Panam\u00e1. Con un equipo experto y tecnolog\u00eda avanzada, nos dedicamos a satisfacer las necesidades espec\u00edficas de nuestros clientes, ofreciendo desde pinturas marinas hasta equipos de seguridad de alta calidad. Nuestra misi\u00f3n es proporcionar un servicio integral y nuestra visi\u00f3n, ser el referente en soluciones mar\u00edtimas efectivas.","publisher":{"@id":"https:\/\/www.ecuamarine.com\/#organization"},"potentialAction":[{"@type":"SearchAction","target":{"@type":"EntryPoint","urlTemplate":"https:\/\/www.ecuamarine.com\/?s={search_term_string}"},"query-input":{"@type":"PropertyValueSpecification","valueRequired":true,"valueName":"search_term_string"}}],"inLanguage":"es"},{"@type":"Organization","@id":"https:\/\/www.ecuamarine.com\/#organization","name":"Ecuamarine","url":"https:\/\/www.ecuamarine.com\/","logo":{"@type":"ImageObject","inLanguage":"es","@id":"https:\/\/www.ecuamarine.com\/#\/schema\/logo\/image\/","url":"https:\/\/ecuamarine.com\/wp-content\/uploads\/2024\/04\/Recurso-19.png","contentUrl":"https:\/\/ecuamarine.com\/wp-content\/uploads\/2024\/04\/Recurso-19.png","width":1000,"height":158,"caption":"Ecuamarine"},"image":{"@id":"https:\/\/www.ecuamarine.com\/#\/schema\/logo\/image\/"}}]}},"_links":{"self":[{"href":"https:\/\/ecuamarine.com\/index.php\/wp-json\/wp\/v2\/pages\/858","targetHints":{"allow":["GET"]}}],"collection":[{"href":"https:\/\/ecuamarine.com\/index.php\/wp-json\/wp\/v2\/pages"}],"about":[{"href":"https:\/\/ecuamarine.com\/index.php\/wp-json\/wp\/v2\/types\/page"}],"author":[{"embeddable":true,"href":"https:\/\/ecuamarine.com\/index.php\/wp-json\/wp\/v2\/users\/1"}],"replies":[{"embeddable":true,"href":"https:\/\/ecuamarine.com\/index.php\/wp-json\/wp\/v2\/comments?post=858"}],"version-history":[{"count":4,"href":"https:\/\/ecuamarine.com\/index.php\/wp-json\/wp\/v2\/pages\/858\/revisions"}],"predecessor-version":[{"id":948,"href":"https:\/\/ecuamarine.com\/index.php\/wp-json\/wp\/v2\/pages\/858\/revisions\/948"}],"wp:attachment":[{"href":"https:\/\/ecuamarine.com\/index.php\/wp-json\/wp\/v2\/media?parent=858"}],"curies":[{"name":"wp","href":"https:\/\/api.w.org\/{rel}","templated":true}]}}